{"id":14,"date":"2016-01-13T19:29:14","date_gmt":"2016-01-13T19:29:14","guid":{"rendered":"http:\/\/feuerwehr-drolshagen.de\/?page_id=14"},"modified":"2026-04-22T10:40:29","modified_gmt":"2026-04-22T08:40:29","slug":"fahrzeuge","status":"publish","type":"page","link":"https:\/\/feuerwehr-drolshagen.de\/?page_id=14","title":{"rendered":"Fahrzeuge"},"content":{"rendered":"\n<table>\n<tbody>\n<tr>\n<td><img decoding=\"async\" class=\"alignright\" style=\"margin-bottom: 1rem; border: 5px solid white; border-radius: 5px; box-shadow: 0px 0px 3px black; width: 100%; max-width: 439px;\" src=\"https:\/\/feuerwehr-drolshagen.de\/wp-content\/uploads\/2026\/04\/Fahrzeugbilder_small\/kdow.jpg\" alt=\"\" \/>\n<p class=\"vehicle-title\"><strong>KdoW | Kommandowagen<\/strong><\/p>\n<p><u>Standort:<\/u> Drolshagen<\/p>\n<p><u>Baujahr:<\/u> 2021<\/p>\n<p><u>Fahrgestell:<\/u> Ford Kuga<\/p>\n<p><u>Ausbauer:<\/u> Reinartz Fahrzeugtechnik GmbH<\/p>\n<p><u>zGM:<\/u> 2,25 t<\/p>\n<p><u>Motorleistung:<\/u> 140 kW | 190 PS<\/p>\n<p><u>Besatzung:<\/u> 1\/0\/0<\/p>\n<p><u>Einsatzschwerpunkte:<\/u> F\u00fchrungsfahrzeug f\u00fcr die Wehrf\u00fchrung<\/p>\n<p><u>Ausr\u00fcstung:<\/u> Funktechnik, Verkehrssicherungsmaterial, Durchsagem\u00f6glichkeit zur Warnung der Bev\u00f6lkerung, Notfallrucksack, Feuerl\u00f6scher, etc.<\/p>\n<hr \/><\/td>\n<\/tr>\n<tr>\n<td><img decoding=\"async\" class=\"alignright\" style=\"margin-bottom: 1rem; border: 5px solid white; border-radius: 5px; box-shadow: 0px 0px 3px black; width: 100%; max-width: 439px;\" src=\"https:\/\/feuerwehr-drolshagen.de\/wp-content\/uploads\/2026\/04\/Fahrzeugbilder_small\/elw.jpg\" alt=\"\" \/>\n<p class=\"vehicle-title\"><strong>ELW | Einsatzleitwagen<\/strong><\/p>\n<p><u>Standort:<\/u> Drolshagen<\/p>\n<p><u>Baujahr:<\/u> 2013<\/p>\n<p><u>Fahrgestell:<\/u> Mercedes Sprinter<\/p>\n<p><u>Ausbauer:<\/u> Esser GmbH<\/p>\n<p><u>zGM:<\/u> 3,88 t<\/p>\n<p><u>Motorleistung:<\/u> 120 kW | 163 PS<\/p>\n<p><u>Besatzung:<\/u> 1\/1\/2<\/p>\n<p><u>Einsatzschwerpunkte:<\/u> F\u00fchrungsfahrzeug und Kommunikationszentrale an der Einsatzstelle, Koordination von Einsatzkr\u00e4ften<\/p>\n<p><u>Einsatzschwerpunkt-Flugdrohne:<\/u> Luftaufnahmen der Einsatzstelle, Glutnestersuche mit W\u00e4rmebildkamera, Personensuche<\/p>\n<p><u>Ausr\u00fcstung:<\/u> Funktechnik, Telefon, Fax, WLAN, Computer, Flugdrohne, Durchsagem\u00f6glichkeit zur Warnung der Bev\u00f6lkerung, Notfallrucksack, Feuerl\u00f6scher, etc.<\/p>\n<hr \/><\/td>\n<\/tr>\n<tr>\n<td><img decoding=\"async\" class=\"alignright\" style=\"margin-bottom: 1rem; border: 5px solid white; border-radius: 5px; box-shadow: 0px 0px 3px black; width: 100%; max-width: 439px;\" src=\"https:\/\/feuerwehr-drolshagen.de\/wp-content\/uploads\/2026\/04\/Fahrzeugbilder_small\/hlf20.jpg\" alt=\"\" \/>\n<p class=\"vehicle-title\"><strong>HLF 20 | Hilfeleistungsl\u00f6schgruppenfahrzeug<\/strong><\/p>\n<p><u>Standort:<\/u> Drolshagen<\/p>\n<p><u>Baujahr:<\/u> 2025<\/p>\n<p><u>Fahrgestell:<\/u> Scania P380 XT<\/p>\n<p><u>Ausbauer:<\/u> Rosenbauer Deutschland GmbH<\/p>\n<p><u>zGM:<\/u> 18 t<\/p>\n<p><u>Motorleistung:<\/u> 279 kW | 380 PS<\/p>\n<p><u>Pumpenleistung:<\/u> 3.500 L\/min<\/p>\n<p><u>Besatzung:<\/u> 0\/1\/7<\/p>\n<p><u>Einsatzschwerpunkte:<\/u> Brandeins\u00e4tze, technische Hilfeleistung<\/p>\n<p><u>Ausr\u00fcstung:<\/u> 2.250 Liter Wasser, 120 Liter Schaum, Pumpe, Schl\u00e4uche, tragbare Leitern, Atemschutzger\u00e4te, Verkehrssicherungsmaterial, Lichtmast, Stromerzeuger, hydraulische Rettungsger\u00e4te, Schlauch- und Verkehrshaspel, Funkger\u00e4te, W\u00e4rmebildkameras, Notfallrucksack, AED etc.<\/p>\n<hr \/><\/td>\n<\/tr>\n<tr>\n<td><img decoding=\"async\" class=\"alignright\" style=\"margin-bottom: 1rem; border: 5px solid white; border-radius: 5px; box-shadow: 0px 0px 3px black; width: 100%; max-width: 439px;\" src=\"https:\/\/feuerwehr-drolshagen.de\/wp-content\/uploads\/2026\/04\/Fahrzeugbilder_small\/lf20.jpg\" alt=\"\" \/>\n<p class=\"vehicle-title\"><strong>LF 20 | L\u00f6schgruppenfahrzeug<\/strong><\/p>\n<p><u>Standort:<\/u> Drolshagen<\/p>\n<p><u>Baujahr:<\/u> 2013<\/p>\n<p><u>Fahrgestell:<\/u> Mercedes Atego 1629<\/p>\n<p><u>Ausbauer:<\/u> Albert Ziegler GmbH<\/p>\n<p><u>zGM:<\/u> 16 t<\/p>\n<p><u>Motorleistung:<\/u> 213 kW | 290 PS<\/p>\n<p><u>Pumpenleistung:<\/u> 2.000 L\/min<\/p>\n<p><u>Besatzung:<\/u> 0\/1\/8<\/p>\n<p><u>Einsatzschwerpunkte:<\/u> Brandeins\u00e4tze<\/p>\n<p><u>Ausr\u00fcstung:<\/u> 2.000 Liter Wasser, Schaummittel, Pumpe, tragbare Pumpe, Schl\u00e4uche, tragbare Leitern, Atemschutzger\u00e4te, Verkehrssicherungsmaterial, Lichtmast, Stromerzeuger, Schlauchhaspel, Funkger\u00e4te, W\u00e4rmebildkameras, Notfallrucksack, etc.<\/p>\n<hr \/><\/td>\n<\/tr>\n<tr>\n<td><img decoding=\"async\" class=\"alignright\" style=\"margin-bottom: 1rem; border: 5px solid white; border-radius: 5px; box-shadow: 0px 0px 3px black; width: 100%; max-width: 439px;\" src=\"https:\/\/feuerwehr-drolshagen.de\/wp-content\/uploads\/2026\/04\/Fahrzeugbilder_small\/lf20kats.jpg\" alt=\"\" \/>\n<p class=\"vehicle-title\"><strong>LF 20 KatS | L\u00f6schgruppenfahrzeug Katastrophenschutz<\/strong><\/p>\n<p><u>Standort:<\/u> Drolshagen<\/p>\n<p><u>Baujahr:<\/u> 2016<\/p>\n<p><u>Fahrgestell:<\/u> Iveco Eurocargo 150E30<\/p>\n<p><u>Ausbauer:<\/u> Magirus GmbH<\/p>\n<p><u>zGM:<\/u> 14,5 t<\/p>\n<p><u>Motorleistung:<\/u> 220 kW | 299 PS<\/p>\n<p><u>Pumpenleistung:<\/u> 2.000 L\/min<\/p>\n<p><u>Besatzung:<\/u> 0\/1\/8<\/p>\n<p><u>Einsatzschwerpunkte:<\/u> Brandeins\u00e4tze vor allem im Gel\u00e4nde, Unwetterlagen<\/p>\n<p><u>Ausr\u00fcstung:<\/u> 1.600 Liter Wasser, Schaummittel, Pumpe, tragbare Pumpe, Tauchpumpen, Schl\u00e4uche, 600 m B-Schl\u00e4uche im Heck gekuppelt, 5.000 Liter L\u00f6schwasser Faltbeh\u00e4lter, tragbare Leitern, Atemschutzger\u00e4te, Verkehrssicherungsmaterial, Lichtmast, Stromerzeuger, Funkger\u00e4te, W\u00e4rmebildkameras, Durchsagem\u00f6glichkeit zur Warnung der Bev\u00f6lkerung, Notfallrucksack, etc.<\/p>\n<hr \/><\/td>\n<\/tr>\n<tr>\n<td><img decoding=\"async\" class=\"alignright\" style=\"margin-bottom: 1rem; border: 5px solid white; border-radius: 5px; box-shadow: 0px 0px 3px black; width: 100%; max-width: 439px;\" src=\"https:\/\/feuerwehr-drolshagen.de\/wp-content\/uploads\/2026\/04\/Fahrzeugbilder_small\/dlk.jpg\" alt=\"\" \/>\n<p class=\"vehicle-title\"><strong>DLK 23\/12 | Drehleiter mit Korb<\/strong><\/p>\n<p><u>Standort:<\/u> Drolshagen<\/p>\n<p><u>Baujahr:<\/u> 2007<\/p>\n<p><u>Fahrgestell:<\/u> Iveco Eurocargo 150E28<\/p>\n<p><u>Ausbauer:<\/u> Magirus GmbH<\/p>\n<p><u>zGM:<\/u> 15 t<\/p>\n<p><u>Motorleistung:<\/u> 206 kW | 280 PS<\/p>\n<p><u>Besatzung:<\/u> 0\/1\/2<\/p>\n<p><u>Einsatzschwerpunkte:<\/u> Menschenrettung aus H\u00f6hen und Tiefen, Hilfeleistung in H\u00f6hen, L\u00f6schen von Br\u00e4nden<\/p>\n<p><u>Ausr\u00fcstung:<\/u> Atemschutzger\u00e4te, Stromerzeuger, L\u00f6schmonitor, Absturzsicherung, Schleifkorbtrage mit Korbaufsatz, etc.<\/p>\n<hr \/><\/td>\n<\/tr>\n<tr>\n<td><img decoding=\"async\" class=\"alignright\" style=\"margin-bottom: 1rem; border: 5px solid white; border-radius: 5px; box-shadow: 0px 0px 3px black; width: 100%; max-width: 439px;\" src=\"https:\/\/feuerwehr-drolshagen.de\/wp-content\/uploads\/2026\/04\/Fahrzeugbilder_small\/rw.jpg\" alt=\"\" \/>\n<p class=\"vehicle-title\"><strong>RW | R\u00fcstwagen<\/strong><\/p>\n<p><u>Standort:<\/u> Drolshagen<\/p>\n<p><u>Baujahr:<\/u> 2025<\/p>\n<p><u>Fahrgestell:<\/u> Scania P380 XT<\/p>\n<p><u>Ausbauer:<\/u> Rosenbauer Deutschland GmbH<\/p>\n<p><u>zGM:<\/u> 18 t<\/p>\n<p><u>Motorleistung:<\/u> 279 kW | 380 PS<\/p>\n<p><u>Besatzung:<\/u> 0\/1\/2<\/p>\n<p><u>Einsatzschwerpunkte:<\/u> technische Hilfeleistung insbesondere bei schweren Verkehrsunf\u00e4llen<\/p>\n<p><u>Ausr\u00fcstung:<\/u> Seilwinde 5t, Hebekissen, hydraulische Rettungsger\u00e4te, Paratechsystem, GoJacks, Werkzeuge, Bauh\u00f6lzer, Wassersauger, Verkehrssicherungsmaterial, Lichtmast, Stromerzeuger, Verkehrshaspel, Funkger\u00e4te, Notfallrucksack, Feuerl\u00f6scher, etc.<\/p>\n<hr \/><\/td>\n<\/tr>\n<tr>\n<td><img decoding=\"async\" class=\"alignright\" style=\"margin-bottom: 1rem; border: 5px solid white; border-radius: 5px; box-shadow: 0px 0px 3px black; width: 100%; max-width: 439px;\" src=\"https:\/\/feuerwehr-drolshagen.de\/wp-content\/uploads\/2026\/04\/Fahrzeugbilder_small\/gwl.jpg\" alt=\"\" \/>\n<p class=\"vehicle-title\"><strong>GW-L 2 | Ger\u00e4tewagen Logistik<\/strong><\/p>\n<p><u>Standort:<\/u> Drolshagen<\/p>\n<p><u>Baujahr:<\/u> 2021<\/p>\n<p><u>Fahrgestell:<\/u> Scania P320 XT<\/p>\n<p><u>Ausbauer:<\/u> FREYTAG Karosseriebau GmbH &amp; Co. KG<\/p>\n<p><u>zGM:<\/u> 18 t<\/p>\n<p><u>Motorleistung:<\/u> 235 kW | 320 PS<\/p>\n<p><u>Besatzung:<\/u> 0\/1\/5<\/p>\n<p><u>Einsatzschwerpunkte:<\/u> Logistische Unterst\u00fctzung<\/p>\n<p><u>Ausr\u00fcstung:<\/u> Rollwagenbeladung des Landes NRW, Rollwagen Waldbrand, Rollwagen Wasserschaden\/Tauchpumpen, Rollwagen Licht\/Strom, weitere Rollwagen\/Komponenten bei Bedarf<\/p>\n<p><u>Zusatzinformation:<\/u> Dieses Fahrzeug ist ein Katastrophenschutzfahrzeug des Landes NRW und ist dort Teil des Logistikzuges<\/p>\n<hr \/><\/td>\n<\/tr>\n<tr>\n<td><img decoding=\"async\" class=\"alignright\" style=\"margin-bottom: 1rem; border: 5px solid white; border-radius: 5px; box-shadow: 0px 0px 3px black; width: 100%; max-width: 439px;\" src=\"https:\/\/feuerwehr-drolshagen.de\/wp-content\/uploads\/2026\/04\/Fahrzeugbilder_small\/wlf_abc.jpg\" alt=\"\" \/>\n<p class=\"vehicle-title\"><strong>WLF mit AB ABC | Wechselladerfahrzeug mit Abrollbeh\u00e4lter ABC<\/strong><\/p>\n<p><u>Standort:<\/u> Drolshagen<\/p>\n<p><u>Baujahr:<\/u> 2009<\/p>\n<p><u>Baujahr-Abrollbeh\u00e4lter:<\/u> 2015<\/p>\n<p><u>Fahrgestell:<\/u> MAN TGA 03<\/p>\n<p><u>Ausbauer:<\/u> Plugge tec GmbH<\/p>\n<p><u>Ausbauer-Abrollbeh\u00e4lter:<\/u> Jerg Feuerwehr &amp; Umwelttechnik GmbH<\/p>\n<p><u>zGM:<\/u> 26 t<\/p>\n<p><u>Motorleistung:<\/u> 324 kW | 440 PS<\/p>\n<p><u>Besatzung:<\/u> 0\/1\/1<\/p>\n<p><u>Einsatzschwerpunkte:<\/u> Transport von Abrollbeh\u00e4ltern<\/p>\n<p><u>Einsatzschwerpunkte-Abrollbeh\u00e4lter:<\/u> Hilfeleistung bei Zwischenf\u00e4llen mit atomaren, biologischen oder chemischen Stoffen<\/p>\n<p><u>Ausr\u00fcstung-Abrollbeh\u00e4lter:<\/u> Auffangbeh\u00e4lter, Atemschutzger\u00e4te, Chemikalienschutzanz\u00fcge, Dekontaminationsmaterial, Dichtmaterial, Funkger\u00e4te, etc.<\/p>\n<p><u>Zusatzinformation:<\/u> Dieses Fahrzeug ist ein Katastrophenschutzfahrzeug des Kreises Olpe<\/p>\n<hr \/><\/td>\n<\/tr>\n<tr>\n<td><img decoding=\"async\" class=\"alignright\" style=\"margin-bottom: 1rem; border: 5px solid white; border-radius: 5px; box-shadow: 0px 0px 3px black; width: 100%; max-width: 439px;\" src=\"https:\/\/feuerwehr-drolshagen.de\/wp-content\/uploads\/2026\/04\/Fahrzeugbilder_small\/wlf_mulde.jpg\" alt=\"\" \/>\n<p class=\"vehicle-title\"><strong>AB Mulde | Abrollbeh\u00e4lter Mulde<\/strong><\/p>\n<p><u>Standort:<\/u> Drolshagen<\/p>\n<p><u>Baujahr:<\/u> 2020<\/p>\n<p><u>Ausbauer:<\/u> Ellermann Containersysteme GmbH<\/p>\n<p><u>Volumen:<\/u> 20.000 Liter<\/p>\n<p><u>Einsatzschwerpunkte:<\/u> L\u00f6schwasserpuffer, Eintauchen von E-Fahrzeugen, Materialtransport<\/p>\n<hr style=\"margin-top: 7rem;\" \/><\/td>\n<\/tr>\n<tr>\n<td><img decoding=\"async\" class=\"alignright\" style=\"margin-bottom: 1rem; border: 5px solid white; border-radius: 5px; box-shadow: 0px 0px 3px black; width: 100%; max-width: 439px;\" src=\"https:\/\/feuerwehr-drolshagen.de\/wp-content\/uploads\/2026\/04\/Fahrzeugbilder_small\/wlf_tank.jpg\" alt=\"\" \/>\n<p class=\"vehicle-title\"><strong>AB L\u00f6schwasser | Abrollbeh\u00e4lter L\u00f6schwasser<\/strong><\/p>\n<p><u>Standort:<\/u> Drolshagen<\/p>\n<p><u>Baujahr:<\/u> 2022<\/p>\n<p><u>Ausbauer:<\/u> Sieglift GmbH<\/p>\n<p><u>Volumen:<\/u> 12.000 Liter<\/p>\n<p><u>Pumpenleistung:<\/u> 1.000 L\/min<\/p>\n<p><u>Einsatzschwerpunkte:<\/u> L\u00f6schwasserversorgung in Gebieten mit schlechter Wasserversorgung<\/p>\n<p><u>Ausr\u00fcstung:<\/u> Pumpe, Standrohr, Schl\u00e4uche, L\u00f6schmonitor, Umfeldbeleuchtung<\/p>\n<hr \/><\/td>\n<\/tr>\n<tr>\n<td><img decoding=\"async\" class=\"alignright\" style=\"margin-bottom: 1rem; border: 5px solid white; border-radius: 5px; box-shadow: 0px 0px 3px black; width: 100%; max-width: 439px;\" src=\"https:\/\/feuerwehr-drolshagen.de\/wp-content\/uploads\/2026\/04\/Fahrzeugbilder_small\/mtf.jpg\" alt=\"\" \/>\n<p class=\"vehicle-title\"><strong>MTF | Mannschaftstransportfahrzeug<\/strong><\/p>\n<p><u>Standort:<\/u> Drolshagen<\/p>\n<p><u>Baujahr:<\/u> 2020<\/p>\n<p><u>Fahrgestell:<\/u> Mercedes Sprinter<\/p>\n<p><u>Ausbauer:<\/u> Martin Sch\u00e4fer GmbH<\/p>\n<p><u>zGM:<\/u> 3,5 t<\/p>\n<p><u>Motorleistung:<\/u> 120 kW | 163 PS<\/p>\n<p><u>Besatzung:<\/u> 0\/1\/7<\/p>\n<p><u>Einsatzschwerpunkte:<\/u> Transport von Einsatzkr\u00e4ften, Absicherung von Unfallstellen insbesondere auf der Autobahn, Zugfahrzeug des MZBs<\/p>\n<p><u>Ausr\u00fcstung:<\/u> aufstellbare Warntafel auf dem Dach, Verkehrssicherungsmaterial, Funkger\u00e4te, Durchsagem\u00f6glichkeit zur Warnung der Bev\u00f6lkerung, Notfallrucksack, etc.<\/p>\n<hr \/><\/td>\n<\/tr>\n<tr>\n<td><img decoding=\"async\" class=\"alignright\" style=\"margin-bottom: 1rem; border: 5px solid white; border-radius: 5px; box-shadow: 0px 0px 3px black; width: 100%; max-width: 439px;\" src=\"https:\/\/feuerwehr-drolshagen.de\/wp-content\/uploads\/2026\/04\/Fahrzeugbilder_small\/mtf2.jpg\" alt=\"\" \/>\n<p class=\"vehicle-title\"><strong>MTF | Mannschaftstransportfahrzeug<\/strong><\/p>\n<p><u>Standort:<\/u> Drolshagen<\/p>\n<p><u>Baujahr:<\/u> 2023<\/p>\n<p><u>Fahrgestell:<\/u> VW T6<\/p>\n<p><u>Ausbauer:<\/u> Elmar P\u00fctting Fahrzeugbau<\/p>\n<p><u>zGM:<\/u> 3,2 t<\/p>\n<p><u>Motorleistung:<\/u> 110 kW | 150 PS<\/p>\n<p><u>Besatzung:<\/u> 0\/1\/7<\/p>\n<p><u>Einsatzschwerpunkte:<\/u> prim\u00e4r Transport von Kindern aus der Kinderfeuerwehr, bei Bedarf Transport von Einsatzkr\u00e4ften<\/p>\n<p><u>Ausr\u00fcstung:<\/u> Verkehrssicherungsmaterial, Funkger\u00e4te, Durchsagem\u00f6glichkeit zur Warnung der Bev\u00f6lkerung, Notfallrucksack, etc.<\/p>\n<p><u>Zusatzinformation:<\/u> Das Fahrzeug wurde mit Hilfe von F\u00f6rdergeldern des Landes NRW beschafft<\/p>\n<hr \/><\/td>\n<\/tr>\n<tr>\n<td><img decoding=\"async\" class=\"alignright\" style=\"margin-bottom: 1rem; border: 5px solid white; border-radius: 5px; box-shadow: 0px 0px 3px black; width: 100%; max-width: 439px;\" src=\"https:\/\/feuerwehr-drolshagen.de\/wp-content\/uploads\/2026\/04\/Fahrzeugbilder_small\/boot.jpg\" alt=\"\" \/>\n<p class=\"vehicle-title\"><strong>MZB | Mehrzweckboot<\/strong><\/p>\n<p><u>Standort:<\/u> Drolshagen<\/p>\n<p><u>Baujahr:<\/u> 2024<\/p>\n<p><u>Ausbauer:<\/u> Rheinlandboote GmbH<\/p>\n<p><u>Motorleistung:<\/u> 44 kW | 60 PS<\/p>\n<p><u>Besatzung:<\/u> 0\/1\/3<\/p>\n<p><u>Einsatzschwerpunkte:<\/u> Wasserrettung auf der Listertalsperre<\/p>\n<p><u>Ausr\u00fcstung:<\/u> Seile, Bojen, Sonar<\/p>\n<hr \/><\/td>\n<\/tr>\n<tr>\n<td><img decoding=\"async\" class=\"alignright\" style=\"margin-bottom: 1rem; border: 5px solid white; border-radius: 5px; box-shadow: 0px 0px 3px black; width: 100%; max-width: 439px;\" src=\"https:\/\/feuerwehr-drolshagen.de\/wp-content\/uploads\/2026\/04\/Fahrzeugbilder_small\/hlf10.jpg\" alt=\"\" \/>\n<p class=\"vehicle-title\"><strong>HLF 10 | Hilfeleistungsl\u00f6schgruppenfahrzeug<\/strong><\/p>\n<p><u>Standort:<\/u> Iseringhausen<\/p>\n<p><u>Baujahr:<\/u> 2009<\/p>\n<p><u>Fahrgestell:<\/u> Mercedes Atego 1326f<\/p>\n<p><u>Ausbauer:<\/u> Schlingmann GmbH &amp; Co. KG<\/p>\n<p><u>zGM:<\/u> 14,5 t<\/p>\n<p><u>Motorleistung:<\/u> 188 kW | 256 PS<\/p>\n<p><u>Pumpenleistung:<\/u> 1.000 L\/min<\/p>\n<p><u>Besatzung:<\/u> 0\/1\/8<\/p>\n<p><u>Einsatzschwerpunkte:<\/u> Brandeins\u00e4tze, technische Hilfeleistung<\/p>\n<p><u>Ausr\u00fcstung:<\/u> 1.200 Liter Wasser, Schaummittel, Pumpe, Schl\u00e4uche, tragbare Leitern, Atemschutzger\u00e4te, Verkehrssicherungsmaterial, Lichtmast, Stromerzeuger, hydraulische Rettungsger\u00e4te, Schlauchhaspel, Funkger\u00e4te, W\u00e4rmebildkameras, Notfallrucksack, etc.<\/p>\n<hr \/><\/td>\n<\/tr>\n<tr>\n<td><img decoding=\"async\" class=\"alignright\" style=\"margin-bottom: 1rem; border: 5px solid white; border-radius: 5px; box-shadow: 0px 0px 3px black; width: 100%; max-width: 439px;\" src=\"https:\/\/feuerwehr-drolshagen.de\/wp-content\/uploads\/2026\/04\/Fahrzeugbilder_small\/tlf4000.jpg\" alt=\"\" \/>\n<p class=\"vehicle-title\"><strong>TLF 4000 | Tankl\u00f6schfahrzeug<\/strong><\/p>\n<p><u>Standort:<\/u> Iseringhausen<\/p>\n<p><u>Baujahr:<\/u> 2009<\/p>\n<p><u>Fahrgestell:<\/u> Iveco Eurocargo 150E30<\/p>\n<p><u>Ausbauer:<\/u> Magirus GmbH<\/p>\n<p><u>zGM:<\/u> 14,5 t<\/p>\n<p><u>Motorleistung:<\/u> 220 kW | 299 PS<\/p>\n<p><u>Pumpenleistung:<\/u> 3.000 L\/min<\/p>\n<p><u>Besatzung:<\/u> 0\/1\/2<\/p>\n<p><u>Einsatzschwerpunkte:<\/u> Brandeins\u00e4tze vor allem im Gel\u00e4nde, L\u00f6schwasserversorgung<\/p>\n<p><u>Ausr\u00fcstung:<\/u> 4.500 Liter Wasser, 500 Liter Schaum, Pumpe, Dach- und Frontmonitor, Schl\u00e4uche, Atemschutzger\u00e4te, Verkehrssicherungsmaterial, Lichtmast, Stromerzeuger, Funkger\u00e4te, Notfallrucksack, etc.<\/p>\n<hr \/><\/td>\n<\/tr>\n<tr>\n<td><img decoding=\"async\" class=\"alignright\" style=\"margin-bottom: 1rem; border: 5px solid white; border-radius: 5px; box-shadow: 0px 0px 3px black; width: 100%; max-width: 439px;\" src=\"https:\/\/feuerwehr-drolshagen.de\/wp-content\/uploads\/2026\/04\/Fahrzeugbilder_small\/gwl-iser.jpg\" alt=\"\" \/>\n<p class=\"vehicle-title\"><strong>GW-L 2 | Ger\u00e4tewagen Logistik<\/strong><\/p>\n<p><u>Standort:<\/u> Iseringhausen<\/p>\n<p><u>Baujahr:<\/u> 2024<\/p>\n<p><u>Fahrgestell:<\/u> MAN TGM 18.320<\/p>\n<p><u>Ausbauer:<\/u> FREYTAG Karosseriebau GmbH &amp; Co. KG<\/p>\n<p><u>zGM:<\/u> 18 t<\/p>\n<p><u>Motorleistung:<\/u> 235 kW | 320 PS<\/p>\n<p><u>Besatzung:<\/u> 0\/1\/5<\/p>\n<p><u>Einsatzschwerpunkte:<\/u> Logistische Unterst\u00fctzung, Unwetterlagen, M\u00f6glichkeit zur Brandbek\u00e4mpfung bei einer Wasserversorgung<\/p>\n<p><u>Ausr\u00fcstung:<\/u> Rollwagen Hygiene inklusive Poolkleidung, Rollwagen mit Schl\u00e4uchen gekuppelt, Rollwagen offenen Wasserentnahme, Atemschutzger\u00e4te, Verkehrssicherungsmaterial, Lichtmast, Stromerzeuger, Funkger\u00e4te, Durchsagem\u00f6glichkeit zur Warnung der Bev\u00f6lkerung, Notfallrucksack, etc.<\/p>\n<hr \/><\/td>\n<\/tr>\n<tr>\n<td><img decoding=\"async\" class=\"alignright\" style=\"margin-bottom: 1rem; border: 5px solid white; border-radius: 5px; box-shadow: 0px 0px 3px black; width: 100%; max-width: 439px;\" src=\"https:\/\/feuerwehr-drolshagen.de\/wp-content\/uploads\/2026\/04\/Fahrzeugbilder_small\/mtf-iser.jpg\" alt=\"\" \/>\n<p class=\"vehicle-title\"><strong>MTF | Mannschaftstransportfahrzeug<\/strong><\/p>\n<p><u>Standort:<\/u> Iseringhausen<\/p>\n<p><u>Baujahr:<\/u> 2018<\/p>\n<p><u>Fahrgestell:<\/u> VW Crafter<\/p>\n<p><u>zGM:<\/u> 3,5 t<\/p>\n<p><u>Motorleistung:<\/u> 120 kW | 163 PS<\/p>\n<p><u>Besatzung:<\/u> 0\/1\/7<\/p>\n<p><u>Einsatzschwerpunkte:<\/u> Transport von Einsatzkr\u00e4ften<\/p>\n<p><u>Ausr\u00fcstung:<\/u> Verkehrssicherungsmaterial, Funkger\u00e4te, Durchsagem\u00f6glichkeit zur Warnung der Bev\u00f6lkerung, Notfallrucksack, etc.<\/p>\n<hr \/><\/td>\n<\/tr>\n<tr>\n<td><img decoding=\"async\" class=\"alignright\" style=\"margin-bottom: 1rem; border: 5px solid white; border-radius: 5px; box-shadow: 0px 0px 3px black; width: 100%; max-width: 439px;\" src=\"https:\/\/feuerwehr-drolshagen.de\/wp-content\/uploads\/2026\/04\/Fahrzeugbilder_small\/nea.jpg\" alt=\"\" \/>\n<p class=\"vehicle-title\"><strong>NEA | Netzersatzanlage<\/strong><\/p>\n<p><u>Standort:<\/u> Drolshagen &amp; Iseringhausen<\/p>\n<p><u>Baujahr:<\/u> 2020<\/p>\n<p><u>Ausbauer:<\/u> ENDRESS Elektroger\u00e4tebau GmbH<\/p>\n<p><u>Leistung:<\/u> 67 kVA<\/p>\n<p><u>Einsatzschwerpunkte:<\/u> Notstromversorgung der Feuerwehrger\u00e4teh\u00e4user<\/p>\n<hr style=\"margin-top: 7rem;\" \/><\/td>\n<\/tr>\n<\/tbody>\n<\/table>\n\n\n\n<div class=\"wp-block-columns is-layout-flex wp-container-core-columns-is-layout-9d6595d7 wp-block-columns-is-layout-flex\">\n<div class=\"wp-block-column is-layout-flow wp-block-column-is-layout-flow\" style=\"flex-basis:100%\"><\/div>\n<\/div>\n","protected":false},"excerpt":{"rendered":"<p>KdoW | Kommandowagen Standort: Drolshagen Baujahr: 2021 Fahrgestell: Ford Kuga Ausbauer: Reinartz Fahrzeugtechnik GmbH zGM: 2,25 t Motorleistung: 140 kW | 190 PS Besatzung: 1\/0\/0 Einsatzschwerpunkte: F\u00fchrungsfahrzeug f\u00fcr die Wehrf\u00fchrung Ausr\u00fcstung: Funktechnik, Verkehrssicherungsmaterial, Durchsagem\u00f6glichkeit zur Warnung der Bev\u00f6lkerung, Notfallrucksack, Feuerl\u00f6scher, etc. ELW | Einsatzleitwagen Standort: Drolshagen Baujahr: 2013 Fahrgestell: Mercedes Sprinter Ausbauer: Esser GmbH zGM: [&hellip;]<\/p>\n","protected":false},"author":1,"featured_media":0,"parent":0,"menu_order":9,"comment_status":"closed","ping_status":"closed","template":"","meta":{"footnotes":""},"class_list":["post-14","page","type-page","status-publish","hentry"],"_links":{"self":[{"href":"https:\/\/feuerwehr-drolshagen.de\/index.php?rest_route=\/wp\/v2\/pages\/14","targetHints":{"allow":["GET"]}}],"collection":[{"href":"https:\/\/feuerwehr-drolshagen.de\/index.php?rest_route=\/wp\/v2\/pages"}],"about":[{"href":"https:\/\/feuerwehr-drolshagen.de\/index.php?rest_route=\/wp\/v2\/types\/page"}],"author":[{"embeddable":true,"href":"https:\/\/feuerwehr-drolshagen.de\/index.php?rest_route=\/wp\/v2\/users\/1"}],"replies":[{"embeddable":true,"href":"https:\/\/feuerwehr-drolshagen.de\/index.php?rest_route=%2Fwp%2Fv2%2Fcomments&post=14"}],"version-history":[{"count":109,"href":"https:\/\/feuerwehr-drolshagen.de\/index.php?rest_route=\/wp\/v2\/pages\/14\/revisions"}],"predecessor-version":[{"id":5730,"href":"https:\/\/feuerwehr-drolshagen.de\/index.php?rest_route=\/wp\/v2\/pages\/14\/revisions\/5730"}],"wp:attachment":[{"href":"https:\/\/feuerwehr-drolshagen.de\/index.php?rest_route=%2Fwp%2Fv2%2Fmedia&parent=14"}],"curies":[{"name":"wp","href":"https:\/\/api.w.org\/{rel}","templated":true}]}}