{"id":3994,"date":"2021-12-04T14:33:54","date_gmt":"2021-12-04T13:33:54","guid":{"rendered":"http:\/\/feuerwehr-drolshagen.de\/?page_id=3994"},"modified":"2021-12-04T14:35:16","modified_gmt":"2021-12-04T13:35:16","slug":"kinderfeuerwehr","status":"publish","type":"page","link":"https:\/\/feuerwehr-drolshagen.de\/?page_id=3994","title":{"rendered":"Kinderfeuerwehr"},"content":{"rendered":"<p>Angebot f\u00fcr Kinder zwischen 6 und 10 Jahren<\/p>\n<p>04.12.2021 Seit dem 1. Dezember ist die Feuerwehr der Stadt Drolshagen um eine Abteilung reicher: coronabedingt nur in kleinem Kreis und unter Auflagen fand am vergangenen Mittwochabend der Startschuss f\u00fcr die neue Kinderfeuerwehr im Drolshagener Land statt.<!--more--><\/p>\n<p>Dirk Nebeling als Leiter der Feuerwehr freute sich mit B\u00fcrgermeister Uli Berghof \u00fcber diesen wichtigen Schritt: \u201cWir haben hier neben der Jugendfeuerwehr einen weiteren wichtigen Grundstein f\u00fcr die Zukunftssicherung der Einsatzabteilung gelegt. Es ist fantastisch, dass sich neben einigen Feuerwehrleuten auch viele neue Helferinnen und Helfer engagieren wollen.\u201d<\/p>\n<p>Neben Dennis L\u00fctticke als neu ernanntem Stadtkinderfeuerwehrwart und seinem Vertreter Michael Schmidt sowie Kathrin Hageleit und Svenja Stahlhacke sind Christina Bieker, Sarah Dransch, Verena Gipperich, Matthias Kakuschki, Christina L\u00fctticke, Andrea Schmidt, Kathrin Schr\u00f6der, Julia Stahl und Tanja Theile im Team der Betreuerinnen und Betreuer.<\/p>\n<p>Zuk\u00fcnftig k\u00f6nnen Kinder im Alter von 6 bis 10 Jahren in der Kinderfeuerwehr mitmachen. Im Mittelpunkt steht weniger die klassische Feuerwehrarbeit, vielmehr wird Freundschaft und Spa\u00df mit einem spielerischen Bezug zur Feuerwehr das Programm f\u00fcr die monatlichen Termine im Feuerwehrhaus bestimmen.<\/p>\n<p>Insgesamt stehen 21 Pl\u00e4tze zur Verf\u00fcgung. Interessierte k\u00f6nnen sich gerne bei Dennis L\u00fctticke per Telefon (ab 16 Uhr 0151 11942135) oder per E-Mail (kinder@feuerwehr-drolshagen.de) melden.<\/p>\n<p>&nbsp;<\/p>\n<p><img loading=\"lazy\" decoding=\"async\" class=\"alignnone size-large wp-image-3991\" src=\"https:\/\/feuerwehr-drolshagen.de\/wp-content\/uploads\/2021\/12\/2021-12-01-Kinderfeuerwehr-1024x643.jpg\" alt=\"\" width=\"720\" height=\"452\"><br \/>\nv.l.: Dirk Nebeling (Leiter der Feuerwehr &#8211; LdF), Christoph L\u00fctticke (Kreisbrandmeister), Peter L\u00fctticke (stv. LdF), Svenja Stahlhacke, Julia Stahl, Andrea Schmidt, Christina L\u00fctticke, Christina Bieker, Dennis L\u00fctticke, Verena Gipperich, Michael Schmidt. B\u00fcrgermeister Ulrich Berghof, Jens Gipperich (stv. LdF)<\/p>\n","protected":false},"excerpt":{"rendered":"<p>Angebot f\u00fcr Kinder zwischen 6 und 10 Jahren 04.12.2021 Seit dem 1. Dezember ist die Feuerwehr der Stadt Drolshagen um eine Abteilung reicher: coronabedingt nur in kleinem Kreis und unter Auflagen fand am vergangenen Mittwochabend der Startschuss f\u00fcr die neue Kinderfeuerwehr im Drolshagener Land statt.<\/p>\n","protected":false},"author":1,"featured_media":0,"parent":5,"menu_order":5,"comment_status":"closed","ping_status":"closed","template":"","meta":{"footnotes":""},"class_list":["post-3994","page","type-page","status-publish","hentry"],"_links":{"self":[{"href":"https:\/\/feuerwehr-drolshagen.de\/index.php?rest_route=\/wp\/v2\/pages\/3994","targetHints":{"allow":["GET"]}}],"collection":[{"href":"https:\/\/feuerwehr-drolshagen.de\/index.php?rest_route=\/wp\/v2\/pages"}],"about":[{"href":"https:\/\/feuerwehr-drolshagen.de\/index.php?rest_route=\/wp\/v2\/types\/page"}],"author":[{"embeddable":true,"href":"https:\/\/feuerwehr-drolshagen.de\/index.php?rest_route=\/wp\/v2\/users\/1"}],"replies":[{"embeddable":true,"href":"https:\/\/feuerwehr-drolshagen.de\/index.php?rest_route=%2Fwp%2Fv2%2Fcomments&post=3994"}],"version-history":[{"count":2,"href":"https:\/\/feuerwehr-drolshagen.de\/index.php?rest_route=\/wp\/v2\/pages\/3994\/revisions"}],"predecessor-version":[{"id":3996,"href":"https:\/\/feuerwehr-drolshagen.de\/index.php?rest_route=\/wp\/v2\/pages\/3994\/revisions\/3996"}],"up":[{"embeddable":true,"href":"https:\/\/feuerwehr-drolshagen.de\/index.php?rest_route=\/wp\/v2\/pages\/5"}],"wp:attachment":[{"href":"https:\/\/feuerwehr-drolshagen.de\/index.php?rest_route=%2Fwp%2Fv2%2Fmedia&parent=3994"}],"curies":[{"name":"wp","href":"https:\/\/api.w.org\/{rel}","templated":true}]}}