{"id":4021,"date":"2021-12-29T17:45:21","date_gmt":"2021-12-29T16:45:21","guid":{"rendered":"http:\/\/feuerwehr-drolshagen.de\/?page_id=4021"},"modified":"2022-07-03T21:15:16","modified_gmt":"2022-07-03T19:15:16","slug":"125jaehriges-jubilaeum","status":"publish","type":"page","link":"https:\/\/feuerwehr-drolshagen.de\/?page_id=4021","title":{"rendered":"125j\u00e4hriges Jubil\u00e4um"},"content":{"rendered":"\n<p><strong>125 Jahre &#8211; (eigentlich) ein Grund zu feiern!<\/strong><\/p>\n\n\n\n<p>Was im Jahr 1896 begann, wurde von der Stadt Drolshagen und insbesondere durch die MItgliederinnen und Mitglieder der Feuerwehr Drolshagen stetig fortgef\u00fchrt und weiter entwickelt. Heute &#8211; im Jahr 2021 &#8211; haben wir eine moderne, effiziente und rund um die Uhr einsatzbereite Feuerwehr. Damals wie heute aus rein ehrenamtlichen Helferinnen und Helfern.<\/p>\n\n\n\n<p>Unsere Mitgliederinnen und Mitglieder haben sich \u00fcber Jahre nebenberuflich als Feuerwehrleute ausbilden lassen. Wir helfen bei Br\u00e4nden, Verkehrsunf\u00e4llen, Unwettern und weiteren Ungl\u00fccksf\u00e4llen. Zudem sind wir stolz auf unsere Jugendfeuerwehr, die neu gegr\u00fcndete Kinderfeuerwehr, die Unterst\u00fctzungs- und Ehrenabteilung. Unsere Musikz\u00fcge erfreuen sich gro\u00dfer Beliebtheit.<\/p>\n\n\n\n<p>125 Jahre! Dieses tolle Jubil\u00e4um der L\u00f6schz\u00fcge und des Musikzugs Drolshagen wollen wir mit Euch feiern! Coronabedingt werden die Feierlichkeiten am Partywochenende im Mai abgesagt. Dennoch hatten wir am 12. April 2021 ein tolles Benefizkonzert des Heeresmusikkorps Kassel organisiert.<\/p>\n\n\n\n<figure class=\"wp-block-image size-large is-resized\"><img loading=\"lazy\" decoding=\"async\" src=\"https:\/\/feuerwehr-drolshagen.de\/wp-content\/uploads\/2022\/04\/Benefizkonzert.jpg\" alt=\"\" class=\"wp-image-4152\" width=\"480\" height=\"670\" srcset=\"https:\/\/feuerwehr-drolshagen.de\/wp-content\/uploads\/2022\/04\/Benefizkonzert.jpg 733w, https:\/\/feuerwehr-drolshagen.de\/wp-content\/uploads\/2022\/04\/Benefizkonzert-215x300.jpg 215w\" sizes=\"auto, (max-width: 480px) 100vw, 480px\" \/><\/figure>\n\n\n\n<p>**<\/p>\n\n\n\n<p><strong>Chronik<\/strong><\/p>\n\n\n\n<p>Zudem startete endlich auch der offizielle Verkauf der Chronik zum 125 j\u00e4hrigen Jubil\u00e4um des L\u00f6schzugs und Musikzugs der Feuerwehr Drolshagen. Nachdem die Coronavirus-Pandemie auch die Jubil\u00e4umsfeierlichkeiten und -planungen der Feuerwehr ordentlich durcheinandergeworfen hat, ist mittlerweile ein wichtiger Bestandteil des Jubil\u00e4ums fertig gestellt.<\/p>\n\n\n\n<p>Die Autoren, Dr. Peter Vitt f\u00fcr den L\u00f6schzug und Walter Meinerzhagen f\u00fcr den Musikzug, haben auf insgesamt \u00fcber 470 Seiten ein gro\u00dfes St\u00fcck Stadtgeschichte festgehalten. Nach monatelangen Recherchen und Auswertungen in \u00f6rtlichen und \u00fcber\u00f6rtlichen Archiven, aber auch nach Gespr\u00e4chen mit Zeitzeugen und aktiven Mitgliedern entstand nach und nach ein bemerkenswertes Werk \u00fcber Drolshagen und seine Feuerwehr. F\u00fcr Dirk Nebeling, Leiter der Feuerwehr Drolshagen, ist der Verkaufsstart ein gl\u00fccklicher Tag: \u201eWir haben es nicht nur als moralische Verpflichtung gesehen, die historischen Ereignisse der Feuerwehr mit diesem Buch im Stadtarchiv f\u00fcr die Zukunft zu sichern. Es ist uns auch eine besondere Freude, die vielen Entwicklungsstationen und die Arbeit von L\u00f6schzug und Musikzug heute f\u00fcr alle B\u00fcrgerinnen und B\u00fcrger der Region vorzustellen.\u201c<\/p>\n\n\n\n<p>Mit zahlreichen Details und Bildern bietet die Chronik spannende Einblicke in die Geschehnisse der L\u00f6schz\u00fcge und des Musikzugs. Beginnend im Jahr 1896 \u2013 mit sehr kleinen, beschaulichen Anf\u00e4ngen \u2013 veranschaulicht die Chronik wie sich die Feuerwehr immer wieder ver\u00e4ndert hat, welche Eins\u00e4tze und Pers\u00f6nlichkeiten besondere Bedeutungen hatten und welche Herausforderungen bis zum Jubil\u00e4umsjahr 2021 zu meistern waren. Ein echtes St\u00fcck Stadtgeschichte!<\/p>\n\n\n\n<p>B\u00fcrgermeister Berghof dankte den Mitgliederinnen und Mitgliedern der Feuerwehr: \u201eVielen Dank f\u00fcr Ihr ehrenamtliches Engagement der vergangenen Jahrzehnte und Ihre heutige Einsatzbereitschaft. Durch die Aufnahme der Chronik in das Stadtarchiv bleibt ihre wichtige Arbeit und die bisherige Geschichte von L\u00f6schzug und Musikzug auf Dauer in Erinnerung.\u201c<\/p>\n\n\n\n<p>Das Werk ist zum Preis von 19,90 EUR bei folgenden Vorverkaufsstellen erh\u00e4ltlich: B\u00fcrgerb\u00fcro Drolshagen, B\u00fccherstube am Markt, B\u00fcrotechnik Sch\u00fcrmann, Farbhaus Schulte, Sparkasse Drolshagen, Volksbank Drolshagen, Aral Tankstelle Christ, Dornseifer Markt Drolshagen.<\/p>\n\n\n\n<p><\/p>\n\n\n\n<p><img loading=\"lazy\" decoding=\"async\" class=\"alignnone size-large wp-image-4188\" src=\"https:\/\/feuerwehr-drolshagen.de\/wp-content\/uploads\/2022\/06\/2022-06-01-Gruppenbild-Chronik-Verkaufsstart-1024x768.jpeg\" alt=\"\" width=\"720\" height=\"540\" srcset=\"https:\/\/feuerwehr-drolshagen.de\/wp-content\/uploads\/2022\/06\/2022-06-01-Gruppenbild-Chronik-Verkaufsstart-1024x768.jpeg 1024w, https:\/\/feuerwehr-drolshagen.de\/wp-content\/uploads\/2022\/06\/2022-06-01-Gruppenbild-Chronik-Verkaufsstart-300x225.jpeg 300w, https:\/\/feuerwehr-drolshagen.de\/wp-content\/uploads\/2022\/06\/2022-06-01-Gruppenbild-Chronik-Verkaufsstart-768x576.jpeg 768w, https:\/\/feuerwehr-drolshagen.de\/wp-content\/uploads\/2022\/06\/2022-06-01-Gruppenbild-Chronik-Verkaufsstart-1536x1152.jpeg 1536w, https:\/\/feuerwehr-drolshagen.de\/wp-content\/uploads\/2022\/06\/2022-06-01-Gruppenbild-Chronik-Verkaufsstart.jpeg 1600w\" sizes=\"auto, (max-width: 720px) 100vw, 720px\" \/><\/p>\n","protected":false},"excerpt":{"rendered":"<p>125 Jahre &#8211; (eigentlich) ein Grund zu feiern! Was im Jahr 1896 begann, wurde von der Stadt Drolshagen und insbesondere durch die MItgliederinnen und Mitglieder der Feuerwehr Drolshagen stetig fortgef\u00fchrt und weiter entwickelt. Heute &#8211; im Jahr 2021 &#8211; haben wir eine moderne, effiziente und rund um die Uhr einsatzbereite Feuerwehr. Damals wie heute aus [&hellip;]<\/p>\n","protected":false},"author":1,"featured_media":0,"parent":0,"menu_order":0,"comment_status":"closed","ping_status":"closed","template":"","meta":{"footnotes":""},"class_list":["post-4021","page","type-page","status-publish","hentry"],"_links":{"self":[{"href":"https:\/\/feuerwehr-drolshagen.de\/index.php?rest_route=\/wp\/v2\/pages\/4021","targetHints":{"allow":["GET"]}}],"collection":[{"href":"https:\/\/feuerwehr-drolshagen.de\/index.php?rest_route=\/wp\/v2\/pages"}],"about":[{"href":"https:\/\/feuerwehr-drolshagen.de\/index.php?rest_route=\/wp\/v2\/types\/page"}],"author":[{"embeddable":true,"href":"https:\/\/feuerwehr-drolshagen.de\/index.php?rest_route=\/wp\/v2\/users\/1"}],"replies":[{"embeddable":true,"href":"https:\/\/feuerwehr-drolshagen.de\/index.php?rest_route=%2Fwp%2Fv2%2Fcomments&post=4021"}],"version-history":[{"count":28,"href":"https:\/\/feuerwehr-drolshagen.de\/index.php?rest_route=\/wp\/v2\/pages\/4021\/revisions"}],"predecessor-version":[{"id":4245,"href":"https:\/\/feuerwehr-drolshagen.de\/index.php?rest_route=\/wp\/v2\/pages\/4021\/revisions\/4245"}],"wp:attachment":[{"href":"https:\/\/feuerwehr-drolshagen.de\/index.php?rest_route=%2Fwp%2Fv2%2Fmedia&parent=4021"}],"curies":[{"name":"wp","href":"https:\/\/api.w.org\/{rel}","templated":true}]}}