{"id":5,"date":"2016-01-13T19:18:52","date_gmt":"2016-01-13T19:18:52","guid":{"rendered":"http:\/\/feuerwehr-drolshagen.de\/?page_id=5"},"modified":"2025-12-14T19:29:07","modified_gmt":"2025-12-14T18:29:07","slug":"ueber-uns","status":"publish","type":"page","link":"https:\/\/feuerwehr-drolshagen.de\/?page_id=5","title":{"rendered":"\u00dcber uns"},"content":{"rendered":"<p>Die Freiwillige Feuerwehr der Stadt Drolshagen ist eine Einrichtung der Stadt Drolshagen, die entsprechend den Bestimmungen des Gesetzes \u00fcber den Brandschutz, die Hilfeleistung und den Katastrophenschutz (<em>BHKG<\/em>) unterhalten wird, um insbesondere Schadensfeuer zu bek\u00e4mpfen und bei Ungl\u00fccksf\u00e4llen und \u00f6ffentlichen Notst\u00e4nden Hilfe zu leisten.<\/p>\n<p>Neben dem Gebiet\u00a0der\u00a0Stadt Drolshagen ist der Feuerwehr Drolshagen auch ein Abschnitt der Bundesautobahn A 45 &#8222;Sauerlandlinie&#8220; als Einsatzbereich zugewiesen. Die Alarmierung erfolgt durch die Rettungsleitstelle des Kreises Olpe (Notruf 112) \u00fcber Funkmeldeempf\u00e4nger.<\/p>\n<p>Die Feuerwehr hat Standorte in Drolshagen und in Iseringhausen.<\/p>\n<p><a href=\"http:\/\/www.drolshagen.de\/media\/custom\/2580_157_1_m.JPG?1438088355\"><img decoding=\"async\" class=\"alignnone\" title=\"Bild vergr\u00f6\u00dfern: Feuerwehrger\u00e4tehaus Drolshagen\" src=\"http:\/\/www.drolshagen.de\/media\/custom\/2580_157_1_m.JPG?1438088355\" alt=\"Bild vergr\u00f6\u00dfern: Feuerwehrger\u00e4tehaus Drolshagen\" \/> <img loading=\"lazy\" decoding=\"async\" class=\"alignnone\" title=\"Bild vergr\u00f6\u00dfern: Feuerwehrger\u00e4tehaus Iseringhausen\" src=\"http:\/\/www.drolshagen.de\/media\/custom\/2580_156_1_m.JPG?1438088272\" alt=\"Bild vergr\u00f6\u00dfern: Feuerwehrger\u00e4tehaus Iseringhausen\" width=\"327\" height=\"224\" \/><\/a><\/p>\n<p align=\"left\">An diesen beiden Standorten leisten rund 120 Feuerwehrleute ihren ehrenamtlichen\u00a0Dienst f\u00fcr die B\u00fcrgerinnen und B\u00fcrger der Stadt Drolshagen. F\u00fcr ihre Arbeit stehen ihnen mehrere Fahrzeuge und ein Schlauchanh\u00e4nger, alle best\u00fcckt mit moderner feuerwehrtechnischer Ausr\u00fcstung, zur Verf\u00fcgung. Eine qualifizierte Feuerwehrausbildung und eine moderne Organisationsstruktur garantieren effektive Hilfeleistung im Notfall rund um die Uhr an 365 Tagen im Jahr.\u00a0Nachwuchssorgen existieren dank einer ausgepr\u00e4gten Arbeit in zwei Jugendfeuerwehrgruppen mit rund 35 Jugendlichen nicht.<\/p>\n<p align=\"left\">F\u00fcr den Ohrenschmaus in der Freiwilligen Feuerwehr sorgen die rund 100 Musiker in den Musikz\u00fcgen Drolshagen und Iseringhausen.<\/p>\n<p align=\"left\">Den Kontakt zu ihren Kameraden pflegen die &#8222;Feuerwehr-Senioren&#8220; in der\u00a0etwa 40 Personen starken &#8222;Ehrenabteilung&#8220;.<\/p>\n","protected":false},"excerpt":{"rendered":"<p>Die Freiwillige Feuerwehr der Stadt Drolshagen ist eine Einrichtung der Stadt Drolshagen, die entsprechend den Bestimmungen des Gesetzes \u00fcber den Brandschutz, die Hilfeleistung und den Katastrophenschutz (BHKG) unterhalten wird, um insbesondere Schadensfeuer zu bek\u00e4mpfen und bei Ungl\u00fccksf\u00e4llen und \u00f6ffentlichen Notst\u00e4nden Hilfe zu leisten. Neben dem Gebiet\u00a0der\u00a0Stadt Drolshagen ist der Feuerwehr Drolshagen auch ein Abschnitt der [&hellip;]<\/p>\n","protected":false},"author":1,"featured_media":0,"parent":0,"menu_order":0,"comment_status":"closed","ping_status":"closed","template":"","meta":{"footnotes":""},"class_list":["post-5","page","type-page","status-publish","hentry"],"_links":{"self":[{"href":"https:\/\/feuerwehr-drolshagen.de\/index.php?rest_route=\/wp\/v2\/pages\/5","targetHints":{"allow":["GET"]}}],"collection":[{"href":"https:\/\/feuerwehr-drolshagen.de\/index.php?rest_route=\/wp\/v2\/pages"}],"about":[{"href":"https:\/\/feuerwehr-drolshagen.de\/index.php?rest_route=\/wp\/v2\/types\/page"}],"author":[{"embeddable":true,"href":"https:\/\/feuerwehr-drolshagen.de\/index.php?rest_route=\/wp\/v2\/users\/1"}],"replies":[{"embeddable":true,"href":"https:\/\/feuerwehr-drolshagen.de\/index.php?rest_route=%2Fwp%2Fv2%2Fcomments&post=5"}],"version-history":[{"count":7,"href":"https:\/\/feuerwehr-drolshagen.de\/index.php?rest_route=\/wp\/v2\/pages\/5\/revisions"}],"predecessor-version":[{"id":5522,"href":"https:\/\/feuerwehr-drolshagen.de\/index.php?rest_route=\/wp\/v2\/pages\/5\/revisions\/5522"}],"wp:attachment":[{"href":"https:\/\/feuerwehr-drolshagen.de\/index.php?rest_route=%2Fwp%2Fv2%2Fmedia&parent=5"}],"curies":[{"name":"wp","href":"https:\/\/api.w.org\/{rel}","templated":true}]}}